{"id":807,"date":"2017-08-01T12:13:16","date_gmt":"2017-08-01T12:13:16","guid":{"rendered":"https:\/\/nueva.apostillarencolombia.com\/?page_id=807"},"modified":"2022-10-11T21:54:48","modified_gmt":"2022-10-11T21:54:48","slug":"nosotros","status":"publish","type":"page","link":"https:\/\/nueva.apostillarencolombia.com\/?page_id=807","title":{"rendered":"Nosotros"},"content":{"rendered":"\n\n\t<h1>\n\t\t\t\t\tNosotros\n\t\t\t\t<\/h1>\n\t<h5>\n\t\t\t\t\t\u00bfQuienes Somos?\n\t\t\t\t<\/h5>\n\t\n\t\t\t<h3>Somos Un Compa\u00f1\u00eda Con M\u00e1s De 20 A\u00f1os De Experiencia En Los Servicios De Apostilla, Traducciones Oficiales, Visas, Homologaciones, Venta Polizas Y Env\u00edos Internacionales.<\/h3>\n\t<h3>\n\t\t\t\t\tTelefono: +57 315 6161802 \n\t\t\t\t<\/h3>\n\t<h3>&#8220;Le Asesoramos En El Momento Que Lo Necesite&#8221;.<\/h3>\n\t\t\t\t<img src=\"https:\/\/nueva.apostillarencolombia.com\/wp-content\/uploads\/2022\/10\/APOSTILLAR_655.webp\" alt=\"APOSTILLAR_655\" itemprop=\"image\"\/>\n\t\t\t\t<img src=\"https:\/\/nueva.apostillarencolombia.com\/wp-content\/uploads\/2022\/10\/rnec-logo.png\" alt=\"rnec-logo\" itemprop=\"image\"\/>\n\t\t\t\t<img src=\"https:\/\/nueva.apostillarencolombia.com\/wp-content\/uploads\/2022\/10\/APOSTILLAR_115.webp\" alt=\"APOSTILLAR_115\" itemprop=\"image\"\/>\n\t\t\t\t<img src=\"https:\/\/nueva.apostillarencolombia.com\/wp-content\/uploads\/2022\/10\/logocancilleria.png\" alt=\"logocancilleria\" itemprop=\"image\"\/>\n\t\t\t\t<img src=\"https:\/\/nueva.apostillarencolombia.com\/wp-content\/uploads\/2022\/10\/logo-americana-150x150.png\" alt=\"logo americana\" itemprop=\"image\"\/>\n\t\t\t\t<img src=\"https:\/\/nueva.apostillarencolombia.com\/wp-content\/uploads\/2022\/10\/APOSTILLAR_25.webp\" alt=\"APOSTILLAR_25\" itemprop=\"image\"\/>\n\t\t\t\t<img src=\"https:\/\/nueva.apostillarencolombia.com\/wp-content\/uploads\/2022\/10\/APOSTILLAR_315.webp\" alt=\"APOSTILLAR_315\" itemprop=\"image\"\/>\n\t\n\t<h2>\n\t\t\t\t\tACERCA DE NOSOTROS\n\t\t\t\t<\/h2>\n\t<ul>\n\t\t<li>\t\t\t\t\n\t\t<h4>APOSTILLAR EN COLOMBIA<\/h4><p>Somos una compa\u00f1\u00eda con experiencia de casi dos d\u00e9cadas en los procesos relacionados con tr\u00e1mites de Apostillas, Traducciones Oficiales, B\u00fasqueda de Documentos, Visados, Compulsas, Homologaciones entre otros. Contamos con la disposici\u00f3n y disponibilidad de atender cualquier solicitud, siempre brindando a nuestros clientes opciones de calidad que cumplen con los requisitos legales vigentes para cada caso. Para ello estamos en continua capacitaci\u00f3n y actualizaci\u00f3n de cada proceso. Contamos tambi\u00e9n con las oficinas corresponsales en Espa\u00f1a y Estados Unidos para documentos que llegan sin el debido tr\u00e1mite. Aqu\u00ed lo solucionamos.\u00a0<\/p><\/li>\t<\/ul>\n\n","protected":false},"excerpt":{"rendered":"<p>Nosotros \u00bfQuienes Somos? Somos Un Compa\u00f1\u00eda Con M\u00e1s De 20 A\u00f1os De Experiencia En Los Servicios De Apostilla, Traducciones Oficiales, Visas, Homologaciones, Venta Polizas Y Env\u00edos Internacionales. Telefono: +57 315 6161802 &#8220;Le Asesoramos En El Momento Que Lo Necesite&#8221;. ACERCA DE NOSOTROS APOSTILLAR EN COLOMBIA Somos una compa\u00f1\u00eda con experiencia de casi dos d\u00e9cadas en &hellip;<\/p>\n<p class=\"read-more\"> <a class=\"\" href=\"https:\/\/nueva.apostillarencolombia.com\/?page_id=807\"> <span class=\"screen-reader-text\">Nosotros<\/span> Leer m\u00e1s &raquo;<\/a><\/p>\n","protected":false},"author":1,"featured_media":0,"parent":0,"menu_order":0,"comment_status":"closed","ping_status":"closed","template":"","meta":{"om_disable_all_campaigns":false,"_monsterinsights_skip_tracking":false,"_monsterinsights_sitenote_active":false,"_monsterinsights_sitenote_note":"","_monsterinsights_sitenote_category":0},"aioseo_notices":[],"_links":{"self":[{"href":"https:\/\/nueva.apostillarencolombia.com\/index.php?rest_route=\/wp\/v2\/pages\/807"}],"collection":[{"href":"https:\/\/nueva.apostillarencolombia.com\/index.php?rest_route=\/wp\/v2\/pages"}],"about":[{"href":"https:\/\/nueva.apostillarencolombia.com\/index.php?rest_route=\/wp\/v2\/types\/page"}],"author":[{"embeddable":true,"href":"https:\/\/nueva.apostillarencolombia.com\/index.php?rest_route=\/wp\/v2\/users\/1"}],"replies":[{"embeddable":true,"href":"https:\/\/nueva.apostillarencolombia.com\/index.php?rest_route=%2Fwp%2Fv2%2Fcomments&post=807"}],"version-history":[{"count":2,"href":"https:\/\/nueva.apostillarencolombia.com\/index.php?rest_route=\/wp\/v2\/pages\/807\/revisions"}],"predecessor-version":[{"id":1581,"href":"https:\/\/nueva.apostillarencolombia.com\/index.php?rest_route=\/wp\/v2\/pages\/807\/revisions\/1581"}],"wp:attachment":[{"href":"https:\/\/nueva.apostillarencolombia.com\/index.php?rest_route=%2Fwp%2Fv2%2Fmedia&parent=807"}],"curies":[{"name":"wp","href":"https:\/\/api.w.org\/{rel}","templated":true}]}}