{"id":809,"date":"2017-08-01T12:13:17","date_gmt":"2017-08-01T12:13:17","guid":{"rendered":"https:\/\/nueva.apostillarencolombia.com\/?page_id=809"},"modified":"2022-10-11T21:55:24","modified_gmt":"2022-10-11T21:55:24","slug":"preguntas-frecuentas","status":"publish","type":"page","link":"https:\/\/nueva.apostillarencolombia.com\/?page_id=809","title":{"rendered":"FAQ"},"content":{"rendered":"\n\n\t<h1>\n\t\t\t\t\tPreguntas Frecuentes \n\t\t\t\t<\/h1>\n\t<ul>\n\t\t<li>\t\t\t\t\n\t\t<h3>\u00bfQue Es Una Apostilla?<\/h3><p>La apostilla de La Haya es un m\u00e9todo simplificado de legalizaci\u00f3n de documentos a efectos de verificar su autenticidad en el \u00e1mbito del Derecho internacional privado. F\u00edsicamente consiste en una hoja que se agrega a los documentos que la autoridad competente estampa sobre una copia del documento p\u00fablico.<\/p><\/li><li>\t\t\t\t\n\t\t<h3>\u00bf Sab\u00edas qu\u00e9 para apostillar un documento el pa\u00eds destino debe formarte?<\/h3><p>formar parte de la Convenci\u00f3n de la Haya: Alemania, Venezuela, China, Israel, Panam\u00e1, Yugoslavia, Chipre, Italia, Portugal, El Salvador, Kazajst\u00e1n, Rep\u00fablica Checa, Macedonia, Seychelles, Croacia, Dominica, Malawi, Sud\u00e1frica, Barbados, Finlandia, Malta, Suecia, B\u00e9lgica, Francia, M\u00e9xico, Suiza, Belice, Granada, M\u00f3naco, Surinam, Bielorrusia, Grecia, Namibia, Swazilandia, Bosnia, Hungr\u00eda, Niue, Tonga, Botswana, Irlanda, Noruega, Trinidad y Tobago, Brunei Darussalam, Andorra, Eslovaquia, Lesotho, Ruman\u00eda, Antigua Eslovenia, Letonia, Samoa, Argentina, Espa\u00f1a, Liberia, San Crist\u00f3bal, Armenia, Estados Unidos, Liechtenstei, San Marino, Australia, Estonia, Lituania ,San Vicente, Austria ,Rusia, Luxemburgo, Santa Luc\u00eda, Bahamas, Fidji, Isla Marshall, Nueva Zelanda, Turqu\u00eda, Bulgaria, Isla Mauricio, Pa\u00edses Bajos, Granadinas, Colombia, Jap\u00f3n, Reino Unido, Irlanda, Barbuda, Nieves, Yugoslava, erzegovina.Si el pa\u00eds de destino NO ES PARTE de la Convenci\u00f3n, el tramite que se usa es el de la Legalizaci\u00f3n.<\/p><\/li>\t<\/ul>\n\t<ul>\n\t\t<li>\t\t\t\t\n\t\t<h3>\u00bfSab\u00edas que?<\/h3><p>El Ministerio de Relaciones Exteriores De Colombia<br \/>\u00fanicamente apostilla documentos expedidos por autoridades colombianas. Documentos expedidos en otro pa\u00eds no se apostillan en Colombia.Los documentos a apostillar deben ser originales, con la firma de la autoridad competente previamente registrada en el Ministerio de Relaciones Exteriores.<\/p><\/li><li>\t\t\t\t\n\t\t<h3>\u00bfQue es una visa?<\/h3><p>\u00a0Un ciudadano de un pa\u00eds extranjero que pretenda entrar en los\u00a0<b>Estados Unidos<\/b>\u00a0debe por lo general obtener primero un\u00a0<b>visado<\/b>\u00a0estadounidense, que se coloca en el pasaporte del viajero, un documento de viaje emitido por el pa\u00eds del que es ciudadano.<\/p><\/li>\t<\/ul>\n<h2>\n\t\tVISADOS PARA:\n\t<\/h2>\n\t\t\t\t<img src=\"https:\/\/nueva.apostillarencolombia.com\/wp-content\/uploads\/2022\/10\/logo-americana.png\" alt=\"logo americana\" itemprop=\"image\"\/>\n\t\t\t\t<img src=\"https:\/\/nueva.apostillarencolombia.com\/wp-content\/uploads\/2022\/10\/APOSTILLAR_115.webp\" alt=\"APOSTILLAR_115\" itemprop=\"image\"\/>\n\t\t\n","protected":false},"excerpt":{"rendered":"<p>Preguntas Frecuentes \u00bfQue Es Una Apostilla? La apostilla de La Haya es un m\u00e9todo simplificado de legalizaci\u00f3n de documentos a efectos de verificar su autenticidad en el \u00e1mbito del Derecho internacional privado. F\u00edsicamente consiste en una hoja que se agrega a los documentos que la autoridad competente estampa sobre una copia del documento p\u00fablico. \u00bf &hellip;<\/p>\n<p class=\"read-more\"> <a class=\"\" href=\"https:\/\/nueva.apostillarencolombia.com\/?page_id=809\"> <span class=\"screen-reader-text\">FAQ<\/span> Leer m\u00e1s &raquo;<\/a><\/p>\n","protected":false},"author":1,"featured_media":0,"parent":0,"menu_order":0,"comment_status":"closed","ping_status":"closed","template":"","meta":{"om_disable_all_campaigns":false,"_monsterinsights_skip_tracking":false,"_monsterinsights_sitenote_active":false,"_monsterinsights_sitenote_note":"","_monsterinsights_sitenote_category":0},"aioseo_notices":[],"_links":{"self":[{"href":"https:\/\/nueva.apostillarencolombia.com\/index.php?rest_route=\/wp\/v2\/pages\/809"}],"collection":[{"href":"https:\/\/nueva.apostillarencolombia.com\/index.php?rest_route=\/wp\/v2\/pages"}],"about":[{"href":"https:\/\/nueva.apostillarencolombia.com\/index.php?rest_route=\/wp\/v2\/types\/page"}],"author":[{"embeddable":true,"href":"https:\/\/nueva.apostillarencolombia.com\/index.php?rest_route=\/wp\/v2\/users\/1"}],"replies":[{"embeddable":true,"href":"https:\/\/nueva.apostillarencolombia.com\/index.php?rest_route=%2Fwp%2Fv2%2Fcomments&post=809"}],"version-history":[{"count":3,"href":"https:\/\/nueva.apostillarencolombia.com\/index.php?rest_route=\/wp\/v2\/pages\/809\/revisions"}],"predecessor-version":[{"id":1570,"href":"https:\/\/nueva.apostillarencolombia.com\/index.php?rest_route=\/wp\/v2\/pages\/809\/revisions\/1570"}],"wp:attachment":[{"href":"https:\/\/nueva.apostillarencolombia.com\/index.php?rest_route=%2Fwp%2Fv2%2Fmedia&parent=809"}],"curies":[{"name":"wp","href":"https:\/\/api.w.org\/{rel}","templated":true}]}}